{"id":48437,"date":"2025-06-21T20:05:05","date_gmt":"2025-06-21T20:05:05","guid":{"rendered":"https:\/\/theme-dev.cmsmasters.net\/cargo-trucking\/?page_id=48437"},"modified":"2026-02-02T15:19:26","modified_gmt":"2026-02-02T14:19:26","slug":"nuestros-servicios","status":"publish","type":"page","link":"https:\/\/kaluchexport.com.do\/en\/nuestros-servicios\/","title":{"rendered":"Our services"},"content":{"rendered":"<div data-elementor-type=\"wp-page\" data-elementor-id=\"48437\" class=\"elementor elementor-48437\">\n\t\t\t\t<div class=\"elementor-element elementor-element-4e9dae5 e-con-full e-flex cmsmasters-bg-hide-none cmsmasters-bg-hide-none cmsmasters-block-default e-con e-parent\" data-id=\"4e9dae5\" data-element_type=\"container\" data-e-type=\"container\" data-settings=\"{&quot;background_background&quot;:&quot;classic&quot;}\">\n\t\t<div class=\"elementor-element elementor-element-9a3200d e-con-full e-flex cmsmasters-block-default e-con e-child\" data-id=\"9a3200d\" data-element_type=\"container\" data-e-type=\"container\">\n\t\t\t\t<div class=\"elementor-element elementor-element-ac5cd6f elementor-widget__width-initial cmsmasters-block-default cmsmasters-sticky-default elementor-invisible elementor-widget elementor-widget-heading\" data-id=\"ac5cd6f\" data-element_type=\"widget\" data-e-type=\"widget\" data-settings=\"{&quot;_animation&quot;:&quot;cmsmasters-fade-in-up&quot;}\" data-widget_type=\"heading.default\">\n\t\t\t\t<div class=\"elementor-widget-container\">\n\t\t\t\t\t<h1 class=\"elementor-heading-title elementor-size-default\">Our services<\/h1>\t\t\t\t<\/div>\n\t\t\t\t<\/div>\n\t\t\t\t<\/div>\n\t\t<div class=\"elementor-element elementor-element-ee8fc2a e-con-full cmsmasters-effect cmsmasters-effect-type-transform e-flex cmsmasters-effect-hover-type-element cmsmasters-block-default e-con e-child\" data-id=\"ee8fc2a\" data-element_type=\"container\" data-e-type=\"container\" data-settings=\"{&quot;background_background&quot;:&quot;classic&quot;,&quot;position&quot;:&quot;absolute&quot;,&quot;cms_transform_hover_type&quot;:&quot;element&quot;}\">\n\t\t\t\t<\/div>\n\t\t\t\t<\/div>\n\t\t<div class=\"elementor-element elementor-element-3a40986 e-flex e-con-boxed cmsmasters-block-default e-con e-parent\" data-id=\"3a40986\" data-element_type=\"container\" data-e-type=\"container\">\n\t\t\t\t\t<div class=\"e-con-inner\">\n\t\t\t\t<div class=\"elementor-element elementor-element-26ea840 cmsmasters-read-more-align-before cmsmasters-blog--layout-default cmsmasters-blog-grid-marker__marker-icon cmsmasters-pagination--pagination cmsmasters-pagination-pagination-type--numbers_and_prev_next cmsmasters-block-default cmsmasters-sticky-default elementor-widget elementor-widget-cmsmasters-blog-grid elementor-widget-cmsmasters-blog-similar\" data-id=\"26ea840\" data-element_type=\"widget\" data-e-type=\"widget\" data-settings=\"{&quot;blog_post_type&quot;:&quot;services&quot;,&quot;columns_tablet&quot;:&quot;2&quot;,&quot;blog_layout&quot;:&quot;default&quot;,&quot;columns&quot;:3,&quot;columns_mobile&quot;:&quot;1&quot;,&quot;query_control_prefix&quot;:&quot;blog&quot;,&quot;post_gap_column&quot;:{&quot;unit&quot;:&quot;px&quot;,&quot;size&quot;:&quot;&quot;,&quot;sizes&quot;:[]},&quot;post_gap_column_widescreen&quot;:{&quot;unit&quot;:&quot;px&quot;,&quot;size&quot;:&quot;&quot;,&quot;sizes&quot;:[]},&quot;post_gap_column_tablet&quot;:{&quot;unit&quot;:&quot;px&quot;,&quot;size&quot;:&quot;&quot;,&quot;sizes&quot;:[]},&quot;post_gap_row&quot;:{&quot;unit&quot;:&quot;px&quot;,&quot;size&quot;:&quot;&quot;,&quot;sizes&quot;:[]},&quot;post_gap_row_widescreen&quot;:{&quot;unit&quot;:&quot;px&quot;,&quot;size&quot;:&quot;&quot;,&quot;sizes&quot;:[]},&quot;post_gap_row_tablet&quot;:{&quot;unit&quot;:&quot;px&quot;,&quot;size&quot;:&quot;&quot;,&quot;sizes&quot;:[]},&quot;post_gap_row_mobile&quot;:{&quot;unit&quot;:&quot;px&quot;,&quot;size&quot;:&quot;&quot;,&quot;sizes&quot;:[]},&quot;pagination_show&quot;:&quot;yes&quot;,&quot;pagination_type&quot;:&quot;pagination&quot;,&quot;pagination_via_ajax&quot;:&quot;yes&quot;,&quot;pagination_save_state&quot;:&quot;yes&quot;}\" data-widget_type=\"cmsmasters-blog-grid.default\" data-document-id=\"48437\">\n\t\t\t\t<div class=\"elementor-widget-container\">\n\t\t\t\t\t<div class=\"cmsmasters-blog cmsmasters-blog-grid cmsmasters-blog--type-default\"><div class=\"cmsmasters-blog__posts-variable\"><div class=\"cmsmasters-blog__posts-wrap\"><div class=\"cmsmasters-blog__posts\"><article id=\"post-53476\" class=\"cmsmasters-blog__post post-53476 services type-services status-publish has-post-thumbnail hentry\"><div class=\"cmsmasters-blog__post-inner\"><div class=\"cmsmasters-blog__post-thumbnail\"><a href=\"https:\/\/kaluchexport.com.do\/en\/services\/exportacion-y-distribucion-global\/\" class=\"cmsmasters-blog__post-thumbnail__inner\" aria-label=\"Export and Global Distribution\"><img fetchpriority=\"high\" decoding=\"async\" width=\"1180\" height=\"775\" src=\"https:\/\/kaluchexport.com.do\/wp-content\/uploads\/2025\/10\/exportacion-global.jpg\" class=\"attachment-full size-full wp-image-54054\" alt=\"\" srcset=\"https:\/\/kaluchexport.com.do\/wp-content\/uploads\/2025\/10\/exportacion-global.jpg 1180w, https:\/\/kaluchexport.com.do\/wp-content\/uploads\/2025\/10\/exportacion-global-300x197.jpg 300w, https:\/\/kaluchexport.com.do\/wp-content\/uploads\/2025\/10\/exportacion-global-1024x673.jpg 1024w, https:\/\/kaluchexport.com.do\/wp-content\/uploads\/2025\/10\/exportacion-global-768x504.jpg 768w, https:\/\/kaluchexport.com.do\/wp-content\/uploads\/2025\/10\/exportacion-global-18x12.jpg 18w, https:\/\/kaluchexport.com.do\/wp-content\/uploads\/2025\/10\/exportacion-global-457x300.jpg 457w, https:\/\/kaluchexport.com.do\/wp-content\/uploads\/2025\/10\/exportacion-global-600x394.jpg 600w\" sizes=\"(max-width: 1180px) 100vw, 1180px\" \/><\/a><\/div><h3 class=\"cmsmasters-blog__post-title\"><a href=\"https:\/\/kaluchexport.com.do\/en\/services\/exportacion-y-distribucion-global\/\">Export and Global Distribution<\/a><\/h3><div class=\"cmsmasters-blog__post-excerpt\">Borderless import and export solutions<\/div><div class=\"cmsmasters-blog__post_footer\"><a class=\"cmsmasters-blog__post__read_more cmsmasters-theme-button\" href=\"https:\/\/kaluchexport.com.do\/en\/services\/exportacion-y-distribucion-global\/\"><span class=\"cmsmasters-wrap-icon\"><i aria-hidden=\"true\" class=\"cmsmsdemo-icon- cmsms-demo-icon-arrows-1\"><\/i><\/span><span> <\/span><\/a><\/div><\/div><\/article><article id=\"post-53475\" class=\"cmsmasters-blog__post post-53475 services type-services status-publish has-post-thumbnail hentry\"><div class=\"cmsmasters-blog__post-inner\"><div class=\"cmsmasters-blog__post-thumbnail\"><a href=\"https:\/\/kaluchexport.com.do\/en\/services\/transporte-y-seguridad\/\" class=\"cmsmasters-blog__post-thumbnail__inner\" aria-label=\"Transportation and Security\"><img decoding=\"async\" width=\"1180\" height=\"775\" src=\"https:\/\/kaluchexport.com.do\/wp-content\/uploads\/2025\/10\/transporte-y-seguridad.jpg\" class=\"attachment-full size-full wp-image-54050\" alt=\"\" srcset=\"https:\/\/kaluchexport.com.do\/wp-content\/uploads\/2025\/10\/transporte-y-seguridad.jpg 1180w, https:\/\/kaluchexport.com.do\/wp-content\/uploads\/2025\/10\/transporte-y-seguridad-300x197.jpg 300w, https:\/\/kaluchexport.com.do\/wp-content\/uploads\/2025\/10\/transporte-y-seguridad-1024x673.jpg 1024w, https:\/\/kaluchexport.com.do\/wp-content\/uploads\/2025\/10\/transporte-y-seguridad-768x504.jpg 768w, https:\/\/kaluchexport.com.do\/wp-content\/uploads\/2025\/10\/transporte-y-seguridad-18x12.jpg 18w, https:\/\/kaluchexport.com.do\/wp-content\/uploads\/2025\/10\/transporte-y-seguridad-457x300.jpg 457w, https:\/\/kaluchexport.com.do\/wp-content\/uploads\/2025\/10\/transporte-y-seguridad-600x394.jpg 600w\" sizes=\"(max-width: 1180px) 100vw, 1180px\" \/><\/a><\/div><h3 class=\"cmsmasters-blog__post-title\"><a href=\"https:\/\/kaluchexport.com.do\/en\/services\/transporte-y-seguridad\/\">Transportation and Security<\/a><\/h3><div class=\"cmsmasters-blog__post-excerpt\">We offer land and sea freight transportation services<\/div><div class=\"cmsmasters-blog__post_footer\"><a class=\"cmsmasters-blog__post__read_more cmsmasters-theme-button\" href=\"https:\/\/kaluchexport.com.do\/en\/services\/transporte-y-seguridad\/\"><span class=\"cmsmasters-wrap-icon\"><i aria-hidden=\"true\" class=\"cmsmsdemo-icon- cmsms-demo-icon-arrows-1\"><\/i><\/span><span> <\/span><\/a><\/div><\/div><\/article><article id=\"post-53474\" class=\"cmsmasters-blog__post post-53474 services type-services status-publish has-post-thumbnail hentry\"><div class=\"cmsmasters-blog__post-inner\"><div class=\"cmsmasters-blog__post-thumbnail\"><a href=\"https:\/\/kaluchexport.com.do\/en\/services\/asesoria-y-representacion-comercial\/\" class=\"cmsmasters-blog__post-thumbnail__inner\" aria-label=\"Commercial Advice and Representation\"><img decoding=\"async\" width=\"1180\" height=\"775\" src=\"https:\/\/kaluchexport.com.do\/wp-content\/uploads\/2025\/10\/legal.jpg\" class=\"attachment-full size-full wp-image-54058\" alt=\"\" srcset=\"https:\/\/kaluchexport.com.do\/wp-content\/uploads\/2025\/10\/legal.jpg 1180w, https:\/\/kaluchexport.com.do\/wp-content\/uploads\/2025\/10\/legal-300x197.jpg 300w, https:\/\/kaluchexport.com.do\/wp-content\/uploads\/2025\/10\/legal-1024x673.jpg 1024w, https:\/\/kaluchexport.com.do\/wp-content\/uploads\/2025\/10\/legal-768x504.jpg 768w, https:\/\/kaluchexport.com.do\/wp-content\/uploads\/2025\/10\/legal-18x12.jpg 18w, https:\/\/kaluchexport.com.do\/wp-content\/uploads\/2025\/10\/legal-457x300.jpg 457w, https:\/\/kaluchexport.com.do\/wp-content\/uploads\/2025\/10\/legal-600x394.jpg 600w\" sizes=\"(max-width: 1180px) 100vw, 1180px\" \/><\/a><\/div><h3 class=\"cmsmasters-blog__post-title\"><a href=\"https:\/\/kaluchexport.com.do\/en\/services\/asesoria-y-representacion-comercial\/\">Commercial Advice and Representation<\/a><\/h3><div class=\"cmsmasters-blog__post-excerpt\">Strategic solutions to boost your business<\/div><div class=\"cmsmasters-blog__post_footer\"><a class=\"cmsmasters-blog__post__read_more cmsmasters-theme-button\" href=\"https:\/\/kaluchexport.com.do\/en\/services\/asesoria-y-representacion-comercial\/\"><span class=\"cmsmasters-wrap-icon\"><i aria-hidden=\"true\" class=\"cmsmsdemo-icon- cmsms-demo-icon-arrows-1\"><\/i><\/span><span> <\/span><\/a><\/div><\/div><\/article><\/div><\/div><\/div><\/div>\t\t\t\t<\/div>\n\t\t\t\t<\/div>\n\t\t\t\t\t<\/div>\n\t\t\t\t<\/div>\n\t\t<div class=\"elementor-element elementor-element-5127e21 e-flex e-con-boxed cmsmasters-block-default e-con e-parent\" data-id=\"5127e21\" data-element_type=\"container\" data-e-type=\"container\">\n\t\t\t\t\t<div class=\"e-con-inner\">\n\t\t<div class=\"elementor-element elementor-element-01426bd e-con-full e-flex cmsmasters-block-default e-con e-child\" data-id=\"01426bd\" data-element_type=\"container\" data-e-type=\"container\">\n\t\t\t\t<div class=\"elementor-element elementor-element-e28085f cmsmasters-clip-path-yes cmsmasters-block-default cmsmasters-sticky-default elementor-widget elementor-widget-image\" data-id=\"e28085f\" data-element_type=\"widget\" data-e-type=\"widget\" data-widget_type=\"image.default\">\n\t\t\t\t<div class=\"elementor-widget-container\">\n\t\t\t\t\t\t\t\t\t\t\t\t\t\t\t<img loading=\"lazy\" decoding=\"async\" width=\"780\" height=\"590\" src=\"https:\/\/kaluchexport.com.do\/wp-content\/uploads\/2026\/01\/reduce-los-costos-de-envio.jpg\" class=\"attachment-full size-full wp-image-53870\" alt=\"\" srcset=\"https:\/\/kaluchexport.com.do\/wp-content\/uploads\/2026\/01\/reduce-los-costos-de-envio.jpg 780w, https:\/\/kaluchexport.com.do\/wp-content\/uploads\/2026\/01\/reduce-los-costos-de-envio-300x227.jpg 300w, https:\/\/kaluchexport.com.do\/wp-content\/uploads\/2026\/01\/reduce-los-costos-de-envio-768x581.jpg 768w, https:\/\/kaluchexport.com.do\/wp-content\/uploads\/2026\/01\/reduce-los-costos-de-envio-397x300.jpg 397w, https:\/\/kaluchexport.com.do\/wp-content\/uploads\/2026\/01\/reduce-los-costos-de-envio-600x454.jpg 600w\" sizes=\"(max-width: 780px) 100vw, 780px\" \/>\t\t\t\t\t\t\t\t\t\t\t\t\t\t\t<\/div>\n\t\t\t\t<\/div>\n\t\t\t\t<\/div>\n\t\t<div class=\"elementor-element elementor-element-28ef32f e-con-full e-flex cmsmasters-block-default e-con e-child\" data-id=\"28ef32f\" data-element_type=\"container\" data-e-type=\"container\">\n\t\t\t\t<div class=\"elementor-element elementor-element-9e5d847 elementor-icon-list--layout-traditional elementor-list-item-link-full_width cmsmasters-block-default cmsmasters-sticky-default elementor-invisible elementor-widget elementor-widget-icon-list\" data-id=\"9e5d847\" data-element_type=\"widget\" data-e-type=\"widget\" data-settings=\"{&quot;_animation&quot;:&quot;cmsmasters-fade-in-left&quot;}\" data-widget_type=\"icon-list.default\">\n\t\t\t\t<div class=\"elementor-widget-container\">\n\t\t\t\t\t\t\t<ul class=\"elementor-icon-list-items\">\n\t\t\t\t\t\t\t<li class=\"elementor-icon-list-item\">\n\t\t\t\t\t\t\t\t\t\t\t<span class=\"elementor-icon-list-icon\">\n\t\t\t\t\t\t\t<i aria-hidden=\"true\" class=\"cmsmsdemo-icon- cmsms-demo-icon-arrows-2\"><\/i>\t\t\t\t\t\t<\/span>\n\t\t\t\t\t\t\t\t\t\t<span class=\"elementor-icon-list-text\">contact us<\/span>\n\t\t\t\t\t\t\t\t\t<\/li>\n\t\t\t\t\t\t<\/ul>\n\t\t\t\t\t\t<\/div>\n\t\t\t\t<\/div>\n\t\t\t\t<div class=\"elementor-element elementor-element-fb40860 cmsmasters-block-default cmsmasters-sticky-default elementor-invisible elementor-widget elementor-widget-heading\" data-id=\"fb40860\" data-element_type=\"widget\" data-e-type=\"widget\" data-settings=\"{&quot;_animation&quot;:&quot;cmsmasters-fade-in-up&quot;,&quot;_animation_delay&quot;:150}\" data-widget_type=\"heading.default\">\n\t\t\t\t<div class=\"elementor-widget-container\">\n\t\t\t\t\t<h3 class=\"elementor-heading-title elementor-size-default\">Reduce your shipping costs without compromising quality<\/h3>\t\t\t\t<\/div>\n\t\t\t\t<\/div>\n\t\t\t\t<div class=\"elementor-element elementor-element-28ba74a cmsmasters-block-default cmsmasters-sticky-default elementor-invisible elementor-widget elementor-widget-text-editor\" data-id=\"28ba74a\" data-element_type=\"widget\" data-e-type=\"widget\" data-settings=\"{&quot;_animation&quot;:&quot;cmsmasters-fade-in-up&quot;,&quot;_animation_delay&quot;:300}\" data-widget_type=\"text-editor.default\">\n\t\t\t\t<div class=\"elementor-widget-container\">\n\t\t\t\t\t\t\t\t\t<p><span style=\"font-weight: 400;\">At Kaluch Export we optimize each stage of the import process so that your company reduces logistics costs without sacrificing safety or efficiency.<\/span><\/p><p><span style=\"font-weight: 400;\">We take care of coordinating transportation, customs, and order management, ensuring that each shipment arrives on time and in perfect condition, while you focus on growing your business.<\/span><\/p>\t\t\t\t\t\t\t\t<\/div>\n\t\t\t\t<\/div>\n\t\t\t\t<div class=\"elementor-element elementor-element-30c3c01 cmsmasters-block-default cmsmasters-sticky-default elementor-invisible elementor-widget elementor-widget-cmsmasters-button\" data-id=\"30c3c01\" data-element_type=\"widget\" data-e-type=\"widget\" data-settings=\"{&quot;_animation&quot;:&quot;cmsmasters-pop-in&quot;,&quot;_animation_delay&quot;:500}\" data-widget_type=\"cmsmasters-button.default\">\n\t\t\t\t<div class=\"elementor-widget-container\">\n\t\t\t\t\t<div class=\"elementor-widget-cmsmasters-button__button-container\"><div class=\"elementor-widget-cmsmasters-button__button-container-inner\"><a href=\"https:\/\/kaluchexport.com.do\/en\/contactos\/\" class=\"cmsmasters-button-link elementor-widget-cmsmasters-button__button cmsmasters-icon-view- cmsmasters-icon-shape- cmsmasters-button-size-sm\" role=\"button\" tabindex=\"0\"><span class=\"elementor-widget-cmsmasters-button__content-wrapper cmsmasters-align-icon-\"><span class=\"elementor-widget-cmsmasters-button__text\">Discover more<\/span><\/span><\/a><\/div><\/div>\t\t\t\t<\/div>\n\t\t\t\t<\/div>\n\t\t\t\t<\/div>\n\t\t\t\t\t<\/div>\n\t\t\t\t<\/div>\n\t\t\t\t<\/div>","protected":false},"excerpt":{"rendered":"<p>Nuestros servicios cont\u00e1ctenos Reduzca sus costos de env\u00edo sin comprometer la calidad En Kaluch Export optimizamos cada etapa del proceso de importaci\u00f3n para que su empresa reduzca costos log\u00edsticos sin sacrificar seguridad ni eficiencia. Nos encargamos de coordinar transporte, aduanas y gesti\u00f3n de pedidos, asegurando que cada env\u00edo llegue a tiempo y en perfectas condiciones,&#8230;<\/p>","protected":false},"author":8,"featured_media":0,"parent":0,"menu_order":0,"comment_status":"closed","ping_status":"closed","template":"","meta":{"_acf_changed":false,"footnotes":""},"class_list":["post-48437","page","type-page","status-publish","hentry"],"acf":[],"_links":{"self":[{"href":"https:\/\/kaluchexport.com.do\/en\/wp-json\/wp\/v2\/pages\/48437","targetHints":{"allow":["GET"]}}],"collection":[{"href":"https:\/\/kaluchexport.com.do\/en\/wp-json\/wp\/v2\/pages"}],"about":[{"href":"https:\/\/kaluchexport.com.do\/en\/wp-json\/wp\/v2\/types\/page"}],"author":[{"embeddable":true,"href":"https:\/\/kaluchexport.com.do\/en\/wp-json\/wp\/v2\/users\/8"}],"replies":[{"embeddable":true,"href":"https:\/\/kaluchexport.com.do\/en\/wp-json\/wp\/v2\/comments?post=48437"}],"version-history":[{"count":176,"href":"https:\/\/kaluchexport.com.do\/en\/wp-json\/wp\/v2\/pages\/48437\/revisions"}],"predecessor-version":[{"id":54065,"href":"https:\/\/kaluchexport.com.do\/en\/wp-json\/wp\/v2\/pages\/48437\/revisions\/54065"}],"wp:attachment":[{"href":"https:\/\/kaluchexport.com.do\/en\/wp-json\/wp\/v2\/media?parent=48437"}],"curies":[{"name":"wp","href":"https:\/\/api.w.org\/{rel}","templated":true}]}}