{"id":53132,"date":"2025-10-23T22:34:03","date_gmt":"2025-10-23T20:34:03","guid":{"rendered":"https:\/\/kaluchexport.com.do\/?page_id=53132"},"modified":"2025-11-04T20:16:28","modified_gmt":"2025-11-04T19:16:28","slug":"politica-de-privacidad-y-cookies","status":"publish","type":"page","link":"https:\/\/kaluchexport.com.do\/en\/politica-de-privacidad-y-cookies\/","title":{"rendered":"Privacy and Cookies Policies"},"content":{"rendered":"<div data-elementor-type=\"wp-page\" data-elementor-id=\"53132\" class=\"elementor elementor-53132\">\n\t\t\t\t<div class=\"elementor-element elementor-element-93906c0 e-con-full e-flex cmsmasters-block-default e-con e-child\" data-id=\"93906c0\" data-element_type=\"container\" data-e-type=\"container\" data-settings=\"{&quot;background_background&quot;:&quot;classic&quot;}\">\n\t\t<div class=\"elementor-element elementor-element-f2d7267 e-con-full e-flex cmsmasters-block-default e-con e-child\" data-id=\"f2d7267\" data-element_type=\"container\" data-e-type=\"container\">\n\t\t\t\t<div class=\"elementor-element elementor-element-53c81e6 elementor-widget__width-initial cmsmasters-block-default cmsmasters-sticky-default elementor-invisible elementor-widget elementor-widget-heading\" data-id=\"53c81e6\" data-element_type=\"widget\" data-e-type=\"widget\" data-settings=\"{&quot;_animation&quot;:&quot;cmsmasters-fade-in-up&quot;}\" data-widget_type=\"heading.default\">\n\t\t\t\t<div class=\"elementor-widget-container\">\n\t\t\t\t\t<h1 class=\"elementor-heading-title elementor-size-default\">Privacy and Cookies Policies<\/h1>\t\t\t\t<\/div>\n\t\t\t\t<\/div>\n\t\t\t\t<\/div>\n\t\t<div class=\"elementor-element elementor-element-8b37425 e-con-full cmsmasters-effect cmsmasters-effect-type-transform e-flex cmsmasters-effect-hover-type-element cmsmasters-block-default e-con e-child\" data-id=\"8b37425\" data-element_type=\"container\" data-e-type=\"container\" data-settings=\"{&quot;background_background&quot;:&quot;classic&quot;,&quot;position&quot;:&quot;absolute&quot;,&quot;cms_transform_hover_type&quot;:&quot;element&quot;}\">\n\t\t\t\t<\/div>\n\t\t\t\t<\/div>\n\t\t<div class=\"elementor-element elementor-element-9086b5f e-flex e-con-boxed cmsmasters-block-default e-con e-parent\" data-id=\"9086b5f\" data-element_type=\"container\" data-e-type=\"container\">\n\t\t\t\t\t<div class=\"e-con-inner\">\n\t\t\t\t<div class=\"elementor-element elementor-element-ef20fb7 cmsmasters-block-default cmsmasters-sticky-default elementor-widget elementor-widget-text-editor\" data-id=\"ef20fb7\" data-element_type=\"widget\" data-e-type=\"widget\" data-widget_type=\"text-editor.default\">\n\t\t\t\t<div class=\"elementor-widget-container\">\n\t\t\t\t\t\t\t\t\t<p data-start=\"458\" data-end=\"804\">To use and interact with the website\u2014whether to comment on news, make contact, or submit service or job applications\u2014the User must complete the corresponding forms. It is essential to fill in all required fields, and the User is responsible for providing truthful and accurate information.<\/p><p data-start=\"806\" data-end=\"1030\">It is expressly stated that failure to complete the fields marked as mandatory in any electronic form may result in the following consequences: <strong data-start=\"968\" data-end=\"985\">Kaluch Export<\/strong> cannot adequately address the request.<\/p><p data-start=\"1032\" data-end=\"1676\">The User guarantees that the personal data provided to <strong data-start=\"1092\" data-end=\"1109\">Kaluch Export<\/strong> are truthful and undertakes to communicate any changes to them. The User will be solely responsible for any damages or losses, direct or indirect, that may be caused to <strong data-start=\"1302\" data-end=\"1319\">Kaluch Export<\/strong> or to third parties as a result of providing false, inaccurate, incomplete, or outdated data. Likewise, the User shall refrain from including personal data of third parties without their prior, informed consent and in accordance with the provisions of this privacy policy, assuming all responsibility arising from such inclusion.<\/p><p data-start=\"1678\" data-end=\"1980\">The personal data provided by the User through the website forms will remain protected and will be used exclusively for the purpose of providing personalized service and contact, in order to respond to requests, inquiries, or requirements.<\/p><hr data-start=\"1982\" data-end=\"1985\" \/><h3 data-start=\"1987\" data-end=\"2008\"><strong data-start=\"1990\" data-end=\"2008\">USE OF COOKIES<\/strong><\/h3><p data-start=\"2010\" data-end=\"2278\"><strong data-start=\"2010\" data-end=\"2027\">Kaluch Export<\/strong> informs that it uses cookies on its website.<br data-start=\"2072\" data-end=\"2075\" \/>Cookies are small text files that are stored on the User's device through the browser, in order to improve the browsing experience and optimize the services offered.<\/p><p data-start=\"2280\" data-end=\"2477\">When the User browses the Website, the server <strong data-start=\"2338\" data-end=\"2355\">Kaluch Export<\/strong> can recognize cookies and remember information related to previous visits, preferences or sections consulted.<\/p><p data-start=\"2479\" data-end=\"2746\">Most browsers accept the use of cookies automatically; However, the User can configure their browser to reject cookies or delete existing ones, although this action could limit some functionalities of the Website.<\/p><p>The use of cookies is carried out in accordance with good international practices and Law no. 172-13, with the sole purpose of improving the User experience. For more information, you can consult our Cookies Policy.<\/p><p>When European or American privacy regulations are applicable, Kaluch Export will inform the User through a pop-up notice (banner) and allow them to accept or reject the use of non-essential cookies.<\/p><hr data-start=\"2748\" data-end=\"2751\" \/><h3 data-start=\"2753\" data-end=\"2777\"><strong data-start=\"2756\" data-end=\"2777\">RESPONSIBILITIES<\/strong><\/h3><p data-start=\"2779\" data-end=\"2823\"><strong data-start=\"2779\" data-end=\"2796\">Kaluch Export<\/strong> will not be responsible for:<\/p><ul data-start=\"2825\" data-end=\"3734\"><li data-start=\"2825\" data-end=\"2946\"><p data-start=\"2827\" data-end=\"2946\">The information entered by users, collaborators or third parties in the participation spaces of the Website.<\/p><\/li><li data-start=\"2947\" data-end=\"3061\"><p data-start=\"2949\" data-end=\"3061\">Any damage that may occur to the User's equipment or systems derived from the use of or access to the Website.<\/p><\/li><li data-start=\"3062\" data-end=\"3419\"><p data-start=\"3064\" data-end=\"3419\">Infringements of intellectual or industrial property rights, rights to honor, personal or family privacy, or a person's own image, or property rights or any other nature belonging to third parties, as a consequence of the transmission, dissemination, storage or access to the contents of the Website.<\/p><\/li><li data-start=\"3420\" data-end=\"3504\"><p data-start=\"3422\" data-end=\"3504\">The incorrect use of the contents of the Website by the User.<\/p><\/li><li data-start=\"3505\" data-end=\"3607\"><p data-start=\"3507\" data-end=\"3607\">Any illegal, harmful, harmful or contrary to good faith action carried out by the User.<\/p><\/li><li data-start=\"3608\" data-end=\"3734\"><p data-start=\"3610\" data-end=\"3734\">The quality of the service, the speed of access, the correct functioning or the availability and continuity of the Website.<\/p><\/li><\/ul><p>The Website may include links to third-party external pages over which Kaluch Export has no control, and therefore assumes no responsibility for the content, availability or policies of said external sites.<\/p><p>All content, logos, texts, images and other elements of the Website are the property of Kaluch Export or its legitimate owners, and are protected by Dominican and international laws on intellectual and industrial property. Its reproduction, distribution or modification without express authorization is prohibited and may constitute an infringement under current legislation.<\/p><p>Kaluch Export will not be responsible for any damages or losses that may arise from the use or inability to access the Website.<\/p><p>The Website is provided \u201cas is\u201d and without warranties of any kind, express or implied. Under no circumstances will Kaluch Export be liable for direct, indirect or consequential damages resulting from the use or inability to use the site or its contents.<\/p><hr data-start=\"3736\" data-end=\"3739\" \/><h3 data-start=\"3741\" data-end=\"3771\"><strong data-start=\"3744\" data-end=\"3771\">DURATION AND MODIFICATION<\/strong><\/h3><p data-start=\"3773\" data-end=\"4131\"><strong data-start=\"3773\" data-end=\"3790\">Kaluch Export<\/strong> reserves the right to modify this Privacy and Cookies Policy at any time, according to its discretion or for legal, jurisprudential or business reasons. In such case, the new text will be published on this same Website, where the User can consult it to know the current version at all times.<\/p><p>The modifications will come into force from their publication on the Website. Continued use of the same after the publication of the modifications will imply acceptance of the new conditions.<\/p><p data-start=\"4133\" data-end=\"4344\">In any case, relations with Users will be governed by the rules and conditions in force at the time they access the Website, so it is recommended to periodically review this policy.<\/p><p>These conditions will be governed and interpreted in accordance with the laws of the Dominican Republic. In the event of an international conflict, the general principles of international data protection standards will apply, including Regulation (EU) 2016\/679 (GDPR), the California Consumer Privacy Act (CCPA) and the OAS Model Personal Data Protection Law.<\/p><p data-start=\"4346\" data-end=\"4764\">Without prejudice to the provisions of the particular conditions, <strong data-start=\"4409\" data-end=\"4426\">Kaluch Export<\/strong> may terminate, suspend or interrupt, at any time and without prior notice, access to the contents of the Website, without the User being able to file any claim. After such termination, the prohibitions on use and the obligations derived from these general conditions will continue to be in force.<\/p>\t\t\t\t\t\t\t\t<\/div>\n\t\t\t\t<\/div>\n\t\t\t\t\t<\/div>\n\t\t\t\t<\/div>\n\t\t\t\t<\/div>","protected":false},"excerpt":{"rendered":"<p>Pol\u00edticas de Privacidad y Cookies Para el uso y la interacci\u00f3n con el sitio web \u2014ya sea para comentar noticias, establecer contacto o realizar solicitudes de servicios o empleo\u2014 el Usuario deber\u00e1 completar los formularios correspondientes. Ser\u00e1 imprescindible rellenar todos los campos requeridos, siendo el Usuario responsable de aportar informaci\u00f3n veraz y l\u00edcita en los&#8230;<\/p>","protected":false},"author":7,"featured_media":0,"parent":0,"menu_order":0,"comment_status":"closed","ping_status":"closed","template":"","meta":{"_acf_changed":false,"footnotes":""},"class_list":["post-53132","page","type-page","status-publish","hentry"],"acf":[],"_links":{"self":[{"href":"https:\/\/kaluchexport.com.do\/en\/wp-json\/wp\/v2\/pages\/53132","targetHints":{"allow":["GET"]}}],"collection":[{"href":"https:\/\/kaluchexport.com.do\/en\/wp-json\/wp\/v2\/pages"}],"about":[{"href":"https:\/\/kaluchexport.com.do\/en\/wp-json\/wp\/v2\/types\/page"}],"author":[{"embeddable":true,"href":"https:\/\/kaluchexport.com.do\/en\/wp-json\/wp\/v2\/users\/7"}],"replies":[{"embeddable":true,"href":"https:\/\/kaluchexport.com.do\/en\/wp-json\/wp\/v2\/comments?post=53132"}],"version-history":[{"count":14,"href":"https:\/\/kaluchexport.com.do\/en\/wp-json\/wp\/v2\/pages\/53132\/revisions"}],"predecessor-version":[{"id":53593,"href":"https:\/\/kaluchexport.com.do\/en\/wp-json\/wp\/v2\/pages\/53132\/revisions\/53593"}],"wp:attachment":[{"href":"https:\/\/kaluchexport.com.do\/en\/wp-json\/wp\/v2\/media?parent=53132"}],"curies":[{"name":"wp","href":"https:\/\/api.w.org\/{rel}","templated":true}]}}